{"id":564,"date":"2021-12-15T05:38:12","date_gmt":"2021-12-15T10:38:12","guid":{"rendered":"https:\/\/fevima.co\/?page_id=564"},"modified":"2021-12-17T01:58:49","modified_gmt":"2021-12-17T06:58:49","slug":"reglamentos","status":"publish","type":"page","link":"https:\/\/fevima.co\/?page_id=564","title":{"rendered":"Reglamentos"},"content":{"rendered":"<p>[et_pb_section fb_built=\u00bb1&#8243; fullwidth=\u00bbon\u00bb admin_label=\u00bbHero\u00bb _builder_version=\u00bb3.24.1&#8243; background_image=\u00bbhttp:\/\/fevima.co\/wp-content\/uploads\/2021\/09\/Copia-de-Vivero-Marinela1.jpg\u00bb parallax=\u00bbon\u00bb bottom_divider_color=\u00bb#abddaf\u00bb][et_pb_fullwidth_header title=\u00bbNo hay sue\u00f1os inalcanzables&#8230; porque para cumplirlos est\u00e1 FEVIMA.\u00bb subhead=\u00bbEl Fondo de Empleados del Vivero Mar\u00ednela\u00bb button_one_text=\u00bbServicios\u00bb button_two_text=\u00bbRequisitos\u00bb content_max_width=\u00bb700px\u00bb _builder_version=\u00bb3.24.1&#8243; title_font=\u00bbPlayfair Display|700|||||||\u00bb title_text_color=\u00bb#ffffff\u00bb title_font_size=\u00bb47px\u00bb title_line_height=\u00bb1.5em\u00bb content_font=\u00bbNunito|600|||||||\u00bb content_font_size=\u00bb20px\u00bb subhead_font=\u00bbLato|700|||||||\u00bb subhead_font_size=\u00bb30px\u00bb subhead_line_height=\u00bb1.8em\u00bb background_color=\u00bbrgba(0,0,0,0)\u00bb background_color_gradient_direction=\u00bb220deg\u00bb custom_button_one=\u00bbon\u00bb button_one_text_size=\u00bb16px\u00bb button_one_text_color=\u00bb#f58634&#8243; button_one_bg_color=\u00bb#ffffff\u00bb button_one_border_width=\u00bb10px\u00bb button_one_border_color=\u00bbrgba(210,159,104,0)\u00bb button_one_border_radius=\u00bb100px\u00bb button_one_font=\u00bbLato|900|||||||\u00bb button_one_use_icon=\u00bboff\u00bb custom_button_two=\u00bbon\u00bb button_two_text_size=\u00bb16px\u00bb button_two_text_color=\u00bb#ffffff\u00bb button_two_bg_color=\u00bb#f58634&#8243; button_two_border_width=\u00bb10px\u00bb button_two_border_color=\u00bbrgba(210,159,104,0)\u00bb button_two_border_radius=\u00bb100px\u00bb button_two_font=\u00bbLato|900|||||||\u00bb button_two_use_icon=\u00bboff\u00bb custom_margin=\u00bb|||\u00bb custom_padding=\u00bb10vw||10vw||false\u00bb custom_padding_tablet=\u00bb20vw||20vw||true\u00bb custom_padding_phone=\u00bb20vw||20vw||true\u00bb custom_padding_last_edited=\u00bbon|desktop\u00bb title_font_size_tablet=\u00bb50px\u00bb title_font_size_phone=\u00bb32px\u00bb title_font_size_last_edited=\u00bbon|tablet\u00bb button_one_text_color_hover=\u00bb#3550a0&#8243; button_two_text_color_hover=\u00bb#ffffff\u00bb button_one_bg_color_hover=\u00bbrgba(255,255,255,0.8)\u00bb button_two_bg_color_hover=\u00bbrgba(255,255,255,0.3)\u00bb button_one_text_size__hover_enabled=\u00bboff\u00bb button_two_text_size__hover_enabled=\u00bboff\u00bb button_one_text_color__hover_enabled=\u00bbon\u00bb button_one_text_color__hover=\u00bb#3550a0&#8243; button_two_text_color__hover_enabled=\u00bbon\u00bb button_two_text_color__hover=\u00bb#ffffff\u00bb button_one_border_width__hover_enabled=\u00bboff\u00bb button_two_border_width__hover_enabled=\u00bboff\u00bb button_one_border_color__hover_enabled=\u00bboff\u00bb button_two_border_color__hover_enabled=\u00bboff\u00bb button_one_border_radius__hover_enabled=\u00bboff\u00bb button_two_border_radius__hover_enabled=\u00bboff\u00bb button_one_letter_spacing__hover_enabled=\u00bboff\u00bb button_two_letter_spacing__hover_enabled=\u00bboff\u00bb button_one_bg_color__hover_enabled=\u00bbon\u00bb button_one_bg_color__hover=\u00bbrgba(255,255,255,0.8)\u00bb button_two_bg_color__hover_enabled=\u00bbon\u00bb button_two_bg_color__hover=\u00bbrgba(255,255,255,0.3)\u00bb][\/et_pb_fullwidth_header][\/et_pb_section][et_pb_section fb_built=\u00bb1&#8243; admin_label=\u00bbAbout\u00bb _builder_version=\u00bb3.22.3&#8243; custom_padding=\u00bb91px|0px|54px|0px|false|false\u00bb][et_pb_row _builder_version=\u00bb3.22.3&#8243;][et_pb_column type=\u00bb4_4&#8243; _builder_version=\u00bb3.0.47&#8243;][et_pb_text _builder_version=\u00bb3.24.1&#8243; text_font=\u00bbTimes New Roman||||||||\u00bb text_text_align=\u00bbjustify\u00bb text_text_color=\u00bb#000000&#8243; text_font_size=\u00bb25px\u00bb text_line_height=\u00bb1.9em\u00bb header_font=\u00bb||||||||\u00bb header_2_font=\u00bbPlayfair Display|700|||||||\u00bb header_2_text_align=\u00bbcenter\u00bb header_2_font_size=\u00bb55px\u00bb header_2_line_height=\u00bb1.5em\u00bb header_6_font=\u00bb||||||||\u00bb max_width=\u00bb954px\u00bb max_width_last_edited=\u00bboff|desktop\u00bb module_alignment=\u00bbcenter\u00bb custom_margin=\u00bb|||\u00bb custom_padding=\u00bb|||\u00bb header_2_font_size_tablet=\u00bb30px\u00bb header_2_font_size_phone=\u00bb24px\u00bb header_2_font_size_last_edited=\u00bbon|phone\u00bb]<\/p>\n<h2>Reglamentos<\/h2>\n<p>A continuaci\u00f3n encontrar\u00e1 los distintos reglamentos oficiales que\u00a0utiliza\u00a0 <strong>FEVIMA.\u00a0<\/strong><\/p>\n<p>[\/et_pb_text][\/et_pb_column][\/et_pb_row][et_pb_row _builder_version=\u00bb3.24.1&#8243;][et_pb_column type=\u00bb1_3&#8243; _builder_version=\u00bb3.24.1&#8243;][et_pb_blurb title=\u00bbReglamento interno de trabajo\u00bb url=\u00bbhttp:\/\/fevima.co\/wp-content\/uploads\/2021\/12\/REGLAMENTO-INTERNO-TRABAJO-fevima.pdf\u00bb url_new_window=\u00bbon\u00bb image=\u00bbhttp:\/\/fevima.co\/wp-content\/uploads\/2021\/12\/20.png\u00bb content_max_width=\u00bb1100px\u00bb _builder_version=\u00bb3.24.1&#8243; header_font=\u00bb||||||||\u00bb header_text_align=\u00bbcenter\u00bb header_line_height=\u00bb1.6em\u00bb body_font=\u00bbMontserrat|300|||||||\u00bb body_font_size=\u00bb16px\u00bb body_line_height=\u00bb2em\u00bb border_radii=\u00bbon|10px|10px|10px|10px\u00bb box_shadow_style=\u00bbpreset3&#8243; box_shadow_vertical=\u00bb10px\u00bb box_shadow_blur=\u00bb80px\u00bb box_shadow_spread=\u00bb-10px\u00bb box_shadow_color=\u00bbrgba(44,54,92,0.2)\u00bb text_orientation=\u00bbjustified\u00bb custom_padding=\u00bb50px|30px|50px|30px|true|true\u00bb custom_padding_last_edited=\u00bbon|desktop\u00bb animation_style=\u00bbzoom\u00bb animation_intensity_zoom=\u00bb10%\u00bb animation=\u00bboff\u00bb]<\/p>\n<p><span><br \/> <\/span><\/p>\n<p>[\/et_pb_blurb][\/et_pb_column][et_pb_column type=\u00bb1_3&#8243; _builder_version=\u00bb3.24.1&#8243;][et_pb_blurb title=\u00bbReglamento Comit\u00e9 de Control Social\u00bb url=\u00bbhttp:\/\/fevima.co\/wp-content\/uploads\/2021\/12\/REGLAMENTO-CCS-PROYECTO-20190406.pdf\u00bb url_new_window=\u00bbon\u00bb image=\u00bbhttp:\/\/fevima.co\/wp-content\/uploads\/2021\/12\/21.png\u00bb content_max_width=\u00bb1100px\u00bb _builder_version=\u00bb3.24.1&#8243; header_font=\u00bb||||||||\u00bb header_text_align=\u00bbcenter\u00bb header_line_height=\u00bb1.6em\u00bb body_font=\u00bbMontserrat|300|||||||\u00bb body_font_size=\u00bb16px\u00bb body_line_height=\u00bb2em\u00bb background_color=\u00bb#ffffff\u00bb border_radii=\u00bbon|10px|10px|10px|10px\u00bb box_shadow_style=\u00bbpreset3&#8243; box_shadow_vertical=\u00bb10px\u00bb box_shadow_blur=\u00bb80px\u00bb box_shadow_spread=\u00bb-10px\u00bb box_shadow_color=\u00bbrgba(44,54,92,0.2)\u00bb text_orientation=\u00bbjustified\u00bb custom_padding=\u00bb50px|30px|50px|30px|true|true\u00bb custom_padding_last_edited=\u00bbon|desktop\u00bb animation_style=\u00bbzoom\u00bb animation_intensity_zoom=\u00bb10%\u00bb animation=\u00bboff\u00bb]<\/p>\n<p><span><br \/> <\/span><\/p>\n<p>[\/et_pb_blurb][\/et_pb_column][et_pb_column type=\u00bb1_3&#8243; _builder_version=\u00bb3.24.1&#8243;][et_pb_blurb title=\u00bbReglamento Comit\u00e9 de Apelaciones\u00bb url=\u00bbhttp:\/\/fevima.co\/wp-content\/uploads\/2021\/12\/REGLAMENTO-CTE-APELACIONES-2011.pdf\u00bb url_new_window=\u00bbon\u00bb image=\u00bbhttp:\/\/fevima.co\/wp-content\/uploads\/2021\/12\/22.png\u00bb content_max_width=\u00bb1100px\u00bb _builder_version=\u00bb3.24.1&#8243; header_font=\u00bb||||||||\u00bb header_text_align=\u00bbcenter\u00bb header_line_height=\u00bb1.6em\u00bb body_font=\u00bbMontserrat|300|||||||\u00bb body_font_size=\u00bb16px\u00bb body_line_height=\u00bb2em\u00bb background_color=\u00bb#ffffff\u00bb border_radii=\u00bbon|10px|10px|10px|10px\u00bb box_shadow_style=\u00bbpreset3&#8243; box_shadow_vertical=\u00bb10px\u00bb box_shadow_blur=\u00bb80px\u00bb box_shadow_spread=\u00bb-10px\u00bb box_shadow_color=\u00bbrgba(44,54,92,0.2)\u00bb text_orientation=\u00bbjustified\u00bb custom_padding=\u00bb50px|30px|50px|30px|true|true\u00bb custom_padding_last_edited=\u00bbon|desktop\u00bb animation_style=\u00bbzoom\u00bb animation_intensity_zoom=\u00bb10%\u00bb animation=\u00bboff\u00bb]<\/p>\n<p><span><br \/> <\/span><\/p>\n<p>[\/et_pb_blurb][\/et_pb_column][\/et_pb_row][et_pb_row _builder_version=\u00bb3.24.1&#8243;][et_pb_column type=\u00bb1_3&#8243; _builder_version=\u00bb3.24.1&#8243;][et_pb_blurb title=\u00bbReglamento Comit\u00e9 de Bienestar Social\u00bb url=\u00bbhttp:\/\/fevima.co\/wp-content\/uploads\/2021\/12\/REGLAMENTO-CTE-BIENESTAR-SOCIAL-2019.pdf\u00bb url_new_window=\u00bbon\u00bb image=\u00bbhttp:\/\/fevima.co\/wp-content\/uploads\/2021\/12\/20.png\u00bb content_max_width=\u00bb1100px\u00bb _builder_version=\u00bb3.24.1&#8243; header_font=\u00bb||||||||\u00bb header_text_align=\u00bbcenter\u00bb header_line_height=\u00bb1.6em\u00bb body_font=\u00bbMontserrat|300|||||||\u00bb body_font_size=\u00bb16px\u00bb body_line_height=\u00bb2em\u00bb border_radii=\u00bbon|10px|10px|10px|10px\u00bb box_shadow_style=\u00bbpreset3&#8243; box_shadow_vertical=\u00bb10px\u00bb box_shadow_blur=\u00bb80px\u00bb box_shadow_spread=\u00bb-10px\u00bb box_shadow_color=\u00bbrgba(44,54,92,0.2)\u00bb text_orientation=\u00bbjustified\u00bb custom_padding=\u00bb50px|30px|50px|30px|true|true\u00bb custom_padding_last_edited=\u00bbon|desktop\u00bb animation_style=\u00bbzoom\u00bb animation_intensity_zoom=\u00bb10%\u00bb animation=\u00bboff\u00bb]<\/p>\n<p><span><br \/> <\/span><\/p>\n<p>[\/et_pb_blurb][\/et_pb_column][et_pb_column type=\u00bb1_3&#8243; _builder_version=\u00bb3.24.1&#8243;][et_pb_blurb title=\u00bbReglamento de Junta Directiva\u00bb url=\u00bbhttp:\/\/fevima.co\/wp-content\/uploads\/2021\/12\/REGLAMENTO-JUNTA-DIRECTIVAacuerdo5.pdf\u00bb url_new_window=\u00bbon\u00bb image=\u00bbhttp:\/\/fevima.co\/wp-content\/uploads\/2021\/12\/21.png\u00bb content_max_width=\u00bb1100px\u00bb _builder_version=\u00bb3.24.1&#8243; header_font=\u00bb||||||||\u00bb header_text_align=\u00bbcenter\u00bb header_line_height=\u00bb1.6em\u00bb body_font=\u00bbMontserrat|300|||||||\u00bb body_font_size=\u00bb16px\u00bb body_line_height=\u00bb2em\u00bb background_color=\u00bb#ffffff\u00bb border_radii=\u00bbon|10px|10px|10px|10px\u00bb box_shadow_style=\u00bbpreset3&#8243; box_shadow_vertical=\u00bb10px\u00bb box_shadow_blur=\u00bb80px\u00bb box_shadow_spread=\u00bb-10px\u00bb box_shadow_color=\u00bbrgba(44,54,92,0.2)\u00bb text_orientation=\u00bbjustified\u00bb custom_padding=\u00bb50px|30px|50px|30px|true|true\u00bb custom_padding_last_edited=\u00bbon|desktop\u00bb animation_style=\u00bbzoom\u00bb animation_intensity_zoom=\u00bb10%\u00bb animation=\u00bboff\u00bb]<\/p>\n<p><span><br \/> <\/span><\/p>\n<p>[\/et_pb_blurb][\/et_pb_column][et_pb_column type=\u00bb1_3&#8243; _builder_version=\u00bb3.24.1&#8243;][et_pb_blurb title=\u00bbReglamento Comit\u00e9 De Evaluaci\u00f3n De Cartera De Cr\u00e9ditos\u00bb url=\u00bbhttp:\/\/fevima.co\/wp-content\/uploads\/2021\/12\/REGLAMENTO-CTE-EVALUACION-CARTERA-PROYECTO-2011.pdf\u00bb url_new_window=\u00bbon\u00bb image=\u00bbhttp:\/\/fevima.co\/wp-content\/uploads\/2021\/12\/22.png\u00bb content_max_width=\u00bb1100px\u00bb _builder_version=\u00bb3.24.1&#8243; header_font=\u00bb||||||||\u00bb header_text_align=\u00bbcenter\u00bb header_line_height=\u00bb1.6em\u00bb body_font=\u00bbMontserrat|300|||||||\u00bb body_font_size=\u00bb16px\u00bb body_line_height=\u00bb2em\u00bb background_color=\u00bb#ffffff\u00bb border_radii=\u00bbon|10px|10px|10px|10px\u00bb box_shadow_style=\u00bbpreset3&#8243; box_shadow_vertical=\u00bb10px\u00bb box_shadow_blur=\u00bb80px\u00bb box_shadow_spread=\u00bb-10px\u00bb box_shadow_color=\u00bbrgba(44,54,92,0.2)\u00bb text_orientation=\u00bbjustified\u00bb custom_padding=\u00bb50px|30px|50px|30px|true|true\u00bb custom_padding_last_edited=\u00bbon|desktop\u00bb animation_style=\u00bbzoom\u00bb animation_intensity_zoom=\u00bb10%\u00bb animation=\u00bboff\u00bb]<\/p>\n<p><span><br \/> <\/span><\/p>\n<p>[\/et_pb_blurb][\/et_pb_column][\/et_pb_row][et_pb_row custom_padding=\u00bb||0px|||\u00bb make_equal=\u00bbon\u00bb _builder_version=\u00bb3.24.1&#8243; width=\u00bb34%\u00bb min_height=\u00bb514px\u00bb max_height=\u00bb1000px\u00bb][et_pb_column type=\u00bb1_2&#8243; _builder_version=\u00bb3.24.1&#8243;][et_pb_blurb title=\u00bbReglamentos de Ahorros\u00bb url=\u00bbhttp:\/\/fevima.co\/wp-content\/uploads\/2021\/12\/REGLAMENTO-DE-AHORROS.pdf\u00bb url_new_window=\u00bbon\u00bb image=\u00bbhttp:\/\/fevima.co\/wp-content\/uploads\/2021\/12\/20.png\u00bb content_max_width=\u00bb1100px\u00bb _builder_version=\u00bb3.24.1&#8243; header_font=\u00bb||||||||\u00bb header_text_align=\u00bbcenter\u00bb header_line_height=\u00bb1.6em\u00bb body_font=\u00bbMontserrat|300|||||||\u00bb body_font_size=\u00bb16px\u00bb body_line_height=\u00bb2em\u00bb border_radii=\u00bbon|10px|10px|10px|10px\u00bb box_shadow_style=\u00bbpreset3&#8243; box_shadow_vertical=\u00bb10px\u00bb box_shadow_blur=\u00bb80px\u00bb box_shadow_spread=\u00bb-10px\u00bb box_shadow_color=\u00bbrgba(44,54,92,0.2)\u00bb text_orientation=\u00bbjustified\u00bb custom_padding=\u00bb50px|30px|50px|30px|true|true\u00bb custom_padding_last_edited=\u00bbon|desktop\u00bb animation_style=\u00bbzoom\u00bb animation_intensity_zoom=\u00bb10%\u00bb animation=\u00bboff\u00bb]<\/p>\n<p><span><br \/> <\/span><\/p>\n<p>[\/et_pb_blurb][\/et_pb_column][et_pb_column type=\u00bb1_2&#8243; _builder_version=\u00bb3.24.1&#8243;][et_pb_blurb title=\u00bbReglamento de Cr\u00e9dito\u00bb url=\u00bbhttp:\/\/fevima.co\/wp-content\/uploads\/2021\/12\/REGLAMENTO-DE-CREDITO-110419.pdf\u00bb url_new_window=\u00bbon\u00bb image=\u00bbhttp:\/\/fevima.co\/wp-content\/uploads\/2021\/12\/21.png\u00bb content_max_width=\u00bb1100px\u00bb _builder_version=\u00bb3.24.1&#8243; header_font=\u00bb||||||||\u00bb header_text_align=\u00bbcenter\u00bb header_line_height=\u00bb1.6em\u00bb body_font=\u00bbMontserrat|300|||||||\u00bb body_font_size=\u00bb16px\u00bb body_line_height=\u00bb2em\u00bb background_color=\u00bb#ffffff\u00bb border_radii=\u00bbon|10px|10px|10px|10px\u00bb box_shadow_style=\u00bbpreset3&#8243; box_shadow_vertical=\u00bb10px\u00bb box_shadow_blur=\u00bb80px\u00bb box_shadow_spread=\u00bb-10px\u00bb box_shadow_color=\u00bbrgba(44,54,92,0.2)\u00bb text_orientation=\u00bbjustified\u00bb custom_padding=\u00bb50px|30px|50px|30px|true|true\u00bb custom_padding_last_edited=\u00bbon|desktop\u00bb animation_style=\u00bbzoom\u00bb animation_intensity_zoom=\u00bb10%\u00bb animation=\u00bboff\u00bb]<\/p>\n<p><span><br \/> <\/span><\/p>\n<p>[\/et_pb_blurb][\/et_pb_column][\/et_pb_row][et_pb_row _builder_version=\u00bb3.24.1&#8243;][et_pb_column type=\u00bb4_4&#8243; _builder_version=\u00bb3.24.1&#8243;][et_pb_text _builder_version=\u00bb3.24.1&#8243; text_font=\u00bbPlayfair Display|700|on||||||\u00bb text_text_color=\u00bb#46b654&#8243; text_font_size=\u00bb50px\u00bb text_line_height=\u00bb1.5em\u00bb text_orientation=\u00bbcenter\u00bb max_width=\u00bb820px\u00bb module_alignment=\u00bbcenter\u00bb text_font_size_tablet=\u00bb30px\u00bb text_font_size_phone=\u00bb24px\u00bb text_font_size_last_edited=\u00bbon|desktop\u00bb global_module=\u00bb379&#8243; locked=\u00bboff\u00bb]<\/p>\n<p>No hay sue\u00f1os inalcanzables&#8230;<br \/> porque para cumplirlos est\u00e1<br \/> FEVIMA.<\/p>\n<p>[\/et_pb_text][\/et_pb_column][\/et_pb_row][\/et_pb_section]<\/p>\n","protected":false},"excerpt":{"rendered":"<p>[et_pb_section fb_built=\u00bb1&#8243; fullwidth=\u00bbon\u00bb admin_label=\u00bbHero\u00bb _builder_version=\u00bb3.24.1&#8243; background_image=\u00bbhttp:\/\/fevima.co\/wp-content\/uploads\/2021\/09\/Copia-de-Vivero-Marinela1.jpg\u00bb parallax=\u00bbon\u00bb bottom_divider_color=\u00bb#abddaf\u00bb][et_pb_fullwidth_header title=\u00bbNo hay sue\u00f1os inalcanzables&#8230; porque para cumplirlos est\u00e1 FEVIMA.\u00bb subhead=\u00bbEl Fondo de Empleados del Vivero Mar\u00ednela\u00bb button_one_text=\u00bbServicios\u00bb button_two_text=\u00bbRequisitos\u00bb content_max_width=\u00bb700px\u00bb _builder_version=\u00bb3.24.1&#8243; title_font=\u00bbPlayfair Display|700|||||||\u00bb title_text_color=\u00bb#ffffff\u00bb title_font_size=\u00bb47px\u00bb title_line_height=\u00bb1.5em\u00bb content_font=\u00bbNunito|600|||||||\u00bb content_font_size=\u00bb20px\u00bb subhead_font=\u00bbLato|700|||||||\u00bb subhead_font_size=\u00bb30px\u00bb subhead_line_height=\u00bb1.8em\u00bb background_color=\u00bbrgba(0,0,0,0)\u00bb background_color_gradient_direction=\u00bb220deg\u00bb custom_button_one=\u00bbon\u00bb button_one_text_size=\u00bb16px\u00bb button_one_text_color=\u00bb#f58634&#8243; button_one_bg_color=\u00bb#ffffff\u00bb button_one_border_width=\u00bb10px\u00bb button_one_border_color=\u00bbrgba(210,159,104,0)\u00bb button_one_border_radius=\u00bb100px\u00bb button_one_font=\u00bbLato|900|||||||\u00bb button_one_use_icon=\u00bboff\u00bb custom_button_two=\u00bbon\u00bb button_two_text_size=\u00bb16px\u00bb button_two_text_color=\u00bb#ffffff\u00bb button_two_bg_color=\u00bb#f58634&#8243; button_two_border_width=\u00bb10px\u00bb button_two_border_color=\u00bbrgba(210,159,104,0)\u00bb [&hellip;]<\/p>\n","protected":false},"author":1,"featured_media":0,"parent":0,"menu_order":0,"comment_status":"closed","ping_status":"closed","template":"","meta":{"_et_pb_use_builder":"on","_et_pb_old_content":""},"_links":{"self":[{"href":"https:\/\/fevima.co\/index.php?rest_route=\/wp\/v2\/pages\/564"}],"collection":[{"href":"https:\/\/fevima.co\/index.php?rest_route=\/wp\/v2\/pages"}],"about":[{"href":"https:\/\/fevima.co\/index.php?rest_route=\/wp\/v2\/types\/page"}],"author":[{"embeddable":true,"href":"https:\/\/fevima.co\/index.php?rest_route=\/wp\/v2\/users\/1"}],"replies":[{"embeddable":true,"href":"https:\/\/fevima.co\/index.php?rest_route=%2Fwp%2Fv2%2Fcomments&post=564"}],"version-history":[{"count":7,"href":"https:\/\/fevima.co\/index.php?rest_route=\/wp\/v2\/pages\/564\/revisions"}],"predecessor-version":[{"id":829,"href":"https:\/\/fevima.co\/index.php?rest_route=\/wp\/v2\/pages\/564\/revisions\/829"}],"wp:attachment":[{"href":"https:\/\/fevima.co\/index.php?rest_route=%2Fwp%2Fv2%2Fmedia&parent=564"}],"curies":[{"name":"wp","href":"https:\/\/api.w.org\/{rel}","templated":true}]}}